{"id":563,"date":"2025-04-24T16:19:00","date_gmt":"2025-04-24T16:19:00","guid":{"rendered":"https:\/\/blog.elborjdomiciliation.com\/blog\/services\/"},"modified":"2025-04-27T22:15:40","modified_gmt":"2025-04-27T22:15:40","slug":"services-de-domiciliation-a-rabat","status":"publish","type":"page","link":"https:\/\/blog.elborjdomiciliation.com\/blog\/services-de-domiciliation-a-rabat\/","title":{"rendered":"Services"},"content":{"rendered":"\n<div class=\"wp-block-uagb-container uagb-layout-flex uagb-block-edf9ad47 alignfull uagb-is-root-container\"><div class=\"uagb-container-inner-blocks-wrap\">\n<div class=\"wp-block-uagb-advanced-heading uagb-block-022836bc\"><p class=\"uagb-desc-text\">Nos Services<\/p><h2 class=\"uagb-heading-text\"><strong>Nos Services de Domiciliation et Cr\u00e9ation d&#8217;Entreprise \u00e0 Rabat<\/strong><\/h2><\/div>\n\n\n\n<div class=\"wp-block-uagb-advanced-heading uagb-block-91ddee46\"><h4 class=\"uagb-heading-text\"><strong>Bienvenue chez <\/strong><a href=\"https:\/\/elborjdomiciliation.com\" data-type=\"link\" data-id=\"https:\/\/elborjdomiciliation.com\"><mark class=\"uagb-highlight\">El Borj Domiciliation<\/mark><\/a>, votre partenaire de confiance pour la <strong>domiciliation d\u2019entreprise \u00e0 Rabat<\/strong>. Nous proposons des solutions compl\u00e8tes adapt\u00e9es aux <strong>entrepreneurs<\/strong>, <strong>startups<\/strong> et soci\u00e9t\u00e9s en d\u00e9veloppement. D\u00e9couvrez nos services con\u00e7us pour simplifier vos d\u00e9marches administratives et renforcer votre image professionnelle.<\/h4><\/div>\n<\/div><\/div>\n\n\n\n<div class=\"wp-block-uagb-container uagb-block-84a9a6e7 alignfull uagb-is-root-container\"><div class=\"uagb-container-inner-blocks-wrap\">\n<div class=\"wp-block-uagb-advanced-heading uagb-block-ba2a7e67\"><h2 class=\"uagb-heading-text\">Services de Domiciliation \u00e0 Rabat<\/h2><\/div>\n<\/div><\/div>\n\n\n\n<div class=\"wp-block-uagb-container uagb-block-a9da1e25 alignfull uagb-is-root-container\"><div class=\"uagb-container-inner-blocks-wrap\">\n<div class=\"wp-block-uagb-container uagb-layout-grid uagb-block-ec9486ee default uagb-is-root-container\">\n<div class=\"wp-block-uagb-info-box uagb-block-5a2bc621 uagb-infobox__content-wrap  uagb-infobox-icon-above-title uagb-infobox-image-valign-top wp-block-uagb-info-box--has-margin\"><div class=\"uagb-infobox-margin-wrapper\"><div class=\"uagb-ifb-content\"><div class=\"uagb-ifb-title-wrap\"><span class=\"uagb-ifb-title-prefix\">01<\/span><h3 class=\"uagb-ifb-title\">Domiciliation d\u2019Entreprise \u00e0 Rabat<\/h3><\/div><p class=\"uagb-ifb-desc\">Offrez \u00e0 vos services de domiciliation \u00e0 Rabat entreprise une adresse prestigieuse dans le quartier sur Hassan. Nous assurons votre domiciliation en toute l\u00e9galit\u00e9, renfor\u00e7ant votre image aupr\u00e8s de vos clients et partenaires.<br>\ud83d\udd39 Avantages cl\u00e9s : Adresse professionnelle, conformit\u00e9 juridique, accompagnement personnalis\u00e9.<br><\/p><\/div><\/div><\/div>\n\n\n\n<div class=\"wp-block-uagb-image uagb-block-936d1125 wp-block-uagb-image--layout-default wp-block-uagb-image--effect-static wp-block-uagb-image--align-none\"><figure class=\"wp-block-uagb-image__figure\"><img loading=\"lazy\" decoding=\"async\" srcset=\"https:\/\/blog.elborjdomiciliation.com\/blog\/wp-content\/uploads\/2025\/04\/pexels-photo-3194524-683x1024.jpeg ,https:\/\/blog.elborjdomiciliation.com\/blog\/wp-content\/uploads\/2025\/04\/pexels-photo-3194524.jpeg 780w, https:\/\/blog.elborjdomiciliation.com\/blog\/wp-content\/uploads\/2025\/04\/pexels-photo-3194524.jpeg 360w\" sizes=\"auto, (max-width: 480px) 150px\" src=\"https:\/\/blog.elborjdomiciliation.com\/blog\/wp-content\/uploads\/2025\/04\/pexels-photo-3194524-683x1024.jpeg\" alt=\"Services de Domiciliation \u00e0 Rabat\" class=\"uag-image-36\" width=\"522\" height=\"440\" title=\"Services de Domiciliation \u00e0 Rabat\" loading=\"lazy\" role=\"img\"\/><\/figure><\/div>\n<\/div>\n\n\n\n<div class=\"wp-block-uagb-container uagb-layout-grid uagb-block-932b0ea7 default uagb-is-root-container\">\n<div class=\"wp-block-uagb-image uagb-block-e214f383 wp-block-uagb-image--layout-default wp-block-uagb-image--effect-static wp-block-uagb-image--align-none\"><figure class=\"wp-block-uagb-image__figure\"><img loading=\"lazy\" decoding=\"async\" srcset=\"https:\/\/blog.elborjdomiciliation.com\/blog\/wp-content\/uploads\/2025\/04\/pexels-photo-262470-1024x682.jpeg ,https:\/\/blog.elborjdomiciliation.com\/blog\/wp-content\/uploads\/2025\/04\/pexels-photo-262470.jpeg 780w, https:\/\/blog.elborjdomiciliation.com\/blog\/wp-content\/uploads\/2025\/04\/pexels-photo-262470.jpeg 360w\" sizes=\"auto, (max-width: 480px) 150px\" src=\"https:\/\/blog.elborjdomiciliation.com\/blog\/wp-content\/uploads\/2025\/04\/pexels-photo-262470-1024x682.jpeg\" alt=\"services de domiciliation Rabat pour entreprises\" class=\"uag-image-37\" width=\"522\" height=\"440\" title=\"services de domiciliation Rabat pour entreprises\" loading=\"lazy\" role=\"img\"\/><\/figure><\/div>\n\n\n\n<div class=\"wp-block-uagb-info-box uagb-block-38856887 uagb-infobox__content-wrap  uagb-infobox-icon-above-title uagb-infobox-image-valign-top wp-block-uagb-info-box--has-margin\"><div class=\"uagb-infobox-margin-wrapper\"><div class=\"uagb-ifb-content\"><div class=\"uagb-ifb-title-wrap\"><span class=\"uagb-ifb-title-prefix\">02<\/span><h3 class=\"uagb-ifb-title\">Cr\u00e9ation d\u2019Entreprise au Maroc<\/h3><\/div><p class=\"uagb-ifb-desc\">De l\u2019id\u00e9e \u00e0 la concr\u00e9tisation : nous vous guidons dans toutes les d\u00e9marches n\u00e9cessaires \u00e0 la cr\u00e9ation de votre entreprise. Nos experts vous assistent pour acc\u00e9l\u00e9rer l\u2019enregistrement l\u00e9gal et optimiser votre lancement.<br>\ud83d\udd39 <strong>Avantages cl\u00e9s<\/strong> : Conseils strat\u00e9giques, gain de temps, assistance compl\u00e8te.<\/p><\/div><\/div><\/div>\n<\/div>\n\n\n\n<div class=\"wp-block-uagb-container uagb-layout-grid uagb-block-91add4aa default uagb-is-root-container\">\n<div class=\"wp-block-uagb-info-box uagb-block-87dc43fa uagb-infobox__content-wrap  uagb-infobox-icon-above-title uagb-infobox-image-valign-top wp-block-uagb-info-box--has-margin\"><div class=\"uagb-infobox-margin-wrapper\"><div class=\"uagb-ifb-content\"><div class=\"uagb-ifb-title-wrap\"><span class=\"uagb-ifb-title-prefix\">03<\/span><h3 class=\"uagb-ifb-title\">Conseils Juridiques pour Entreprises<\/h3><\/div><p class=\"uagb-ifb-desc\">Naviguez sereinement dans le cadre l\u00e9gal marocain gr\u00e2ce \u00e0 nos conseils d\u2019experts. Nos avocats vous accompagnent pour s\u00e9curiser vos d\u00e9marches et prot\u00e9ger vos int\u00e9r\u00eats.<br>\ud83d\udd39 Avantages cl\u00e9s : Expertise juridique, pr\u00e9vention des risques, conformit\u00e9 optimale.<\/p><\/div><\/div><\/div>\n\n\n\n<div class=\"wp-block-uagb-image uagb-block-dcc4c013 wp-block-uagb-image--layout-default wp-block-uagb-image--effect-static wp-block-uagb-image--align-none\"><figure class=\"wp-block-uagb-image__figure\"><img loading=\"lazy\" decoding=\"async\" srcset=\"https:\/\/blog.elborjdomiciliation.com\/blog\/wp-content\/uploads\/2025\/04\/pexels-photo-31741321-1024x771.jpeg ,https:\/\/blog.elborjdomiciliation.com\/blog\/wp-content\/uploads\/2025\/04\/pexels-photo-31741321.jpeg 780w, https:\/\/blog.elborjdomiciliation.com\/blog\/wp-content\/uploads\/2025\/04\/pexels-photo-31741321.jpeg 360w\" sizes=\"auto, (max-width: 480px) 150px\" src=\"https:\/\/blog.elborjdomiciliation.com\/blog\/wp-content\/uploads\/2025\/04\/pexels-photo-31741321-1024x771.jpeg\" alt=\"services de domiciliation Rabat pour entreprises\" class=\"uag-image-38\" width=\"522\" height=\"440\" title=\"services de domiciliation Rabat pour entreprises\" loading=\"lazy\" role=\"img\"\/><\/figure><\/div>\n<\/div>\n\n\n\n<div class=\"wp-block-uagb-container uagb-layout-grid uagb-block-d40cbe4f default uagb-is-root-container\">\n<div class=\"wp-block-group is-nowrap is-layout-flex wp-container-core-group-is-layout-6c531013 wp-block-group-is-layout-flex\">\n<div class=\"wp-block-group is-nowrap is-layout-flex wp-container-core-group-is-layout-6c531013 wp-block-group-is-layout-flex\">\n<div class=\"wp-block-uagb-image uagb-block-e6072c33 wp-block-uagb-image--layout-default wp-block-uagb-image--effect-static wp-block-uagb-image--align-none\"><figure class=\"wp-block-uagb-image__figure\"><img loading=\"lazy\" decoding=\"async\" srcset=\"https:\/\/blog.elborjdomiciliation.com\/blog\/wp-content\/uploads\/2025\/04\/pexels-photo-7414283-1024x682.jpeg ,https:\/\/blog.elborjdomiciliation.com\/blog\/wp-content\/uploads\/2025\/04\/pexels-photo-7414283.jpeg 780w, https:\/\/blog.elborjdomiciliation.com\/blog\/wp-content\/uploads\/2025\/04\/pexels-photo-7414283.jpeg 360w\" sizes=\"auto, (max-width: 480px) 150px\" src=\"https:\/\/blog.elborjdomiciliation.com\/blog\/wp-content\/uploads\/2025\/04\/pexels-photo-7414283-1024x682.jpeg\" alt=\"services de domiciliation Rabat pour entreprises\" class=\"uag-image-39\" width=\"522\" height=\"440\" title=\"services de domiciliation Rabat pour entreprises\" loading=\"lazy\" role=\"img\"\/><\/figure><\/div>\n<\/div>\n<\/div>\n\n\n\n<div class=\"wp-block-uagb-info-box uagb-block-43b61b56 uagb-infobox__content-wrap  uagb-infobox-icon-above-title uagb-infobox-image-valign-top wp-block-uagb-info-box--has-margin\"><div class=\"uagb-infobox-margin-wrapper\"><div class=\"uagb-ifb-content\"><div class=\"uagb-ifb-title-wrap\"><span class=\"uagb-ifb-title-prefix\">04<\/span><h3 class=\"uagb-ifb-title\">Gestion Administrative Simplifi\u00e9e<\/h3><\/div><p class=\"uagb-ifb-desc\">Acc\u00e9dez \u00e0 des solutions pratiques pour votre gestion quotidienne. Nos guides et ressources vous aident \u00e0 optimiser vos op\u00e9rations et \u00e0 vous concentrer sur votre croissance.<br>\ud83d\udd39 <strong>Avantages cl\u00e9s<\/strong> : Gain de productivit\u00e9, conseils pratiques, gestion facilit\u00e9e.<\/p><\/div><\/div><\/div>\n<\/div>\n<\/div><\/div>\n\n\n\n<div class=\"wp-block-uagb-container uagb-layout-grid uagb-block-d17d52f5 alignfull uagb-is-root-container\"><div class=\"uagb-container-inner-blocks-wrap\">\n<div class=\"wp-block-uagb-image uagb-block-f5c79397 wp-block-uagb-image--layout-default wp-block-uagb-image--effect-static wp-block-uagb-image--align-none uag-hide-mob\"><figure class=\"wp-block-uagb-image__figure\"><img loading=\"lazy\" decoding=\"async\" srcset=\"https:\/\/blog.elborjdomiciliation.com\/blog\/wp-content\/uploads\/2025\/04\/pexels-photo-3183197.jpeg ,https:\/\/blog.elborjdomiciliation.com\/blog\/wp-content\/uploads\/2025\/04\/pexels-photo-3183197.jpeg 780w, https:\/\/blog.elborjdomiciliation.com\/blog\/wp-content\/uploads\/2025\/04\/pexels-photo-3183197.jpeg 360w\" sizes=\"auto, (max-width: 480px) 150px\" src=\"https:\/\/blog.elborjdomiciliation.com\/blog\/wp-content\/uploads\/2025\/04\/pexels-photo-3183197.jpeg\" alt=\"\" class=\"uag-image-32\" width=\"180\" height=\"180\" title=\"footer-01\" loading=\"lazy\" role=\"img\"><\/figure><\/div>\n\n\n\n<div class=\"wp-block-uagb-info-box uagb-block-e0e0877b uagb-infobox__content-wrap  uagb-infobox-icon-above-title uagb-infobox-image-valign-top wp-block-uagb-info-box--has-margin\"><div class=\"uagb-infobox-margin-wrapper\"><div class=\"uagb-ifb-content\"><div class=\"uagb-ifb-title-wrap\"><p class=\"uagb-ifb-title-prefix\">Agissez Maintenant<\/p><h2 class=\"uagb-ifb-title\">Prenez Contact avec Notre \u00c9quipe d&#8217;Experts Aujourd&#8217;hui<\/h2><\/div><p class=\"uagb-ifb-desc\">Lancez ou domiciliez votre soci\u00e9t\u00e9 avec confiance gr\u00e2ce \u00e0 notre expertise reconnue dans la <strong>domiciliation entreprise Rabat<\/strong>, la <strong>cr\u00e9ation soci\u00e9t\u00e9 Maroc<\/strong>, et les <strong>espaces coworking Rabat Hassan<\/strong>.<br><\/p><div class=\"uagb-ifb-button-wrapper wp-block-button\"><a href=\"https:\/\/api.whatsapp.com\/send\/?phone=212663235074&amp;text=\ufffd+Bonjour+%21+Je+visite+elborjdomiciliation.com+et+je+souhaite+avoir+plus+d%27informations+sur+home.+Voici+la+page+%3A+https%3A%2F%2Felborjdomiciliation.com%2F&amp;type=phone_number&amp;app_absent=0\" class=\"uagb-infobox-cta-link wp-block-button__link\" target=\"_self\" rel=\"noopener noreferrer\" onclick=\"return true;\"><span class=\"uagb-inline-editing\">Commencez ici<\/span><\/a><\/div><\/div><\/div><\/div>\n\n\n\n<div class=\"wp-block-uagb-image uagb-block-7baf2f18 wp-block-uagb-image--layout-default wp-block-uagb-image--effect-static wp-block-uagb-image--align-none uag-hide-mob\"><figure class=\"wp-block-uagb-image__figure\"><img loading=\"lazy\" decoding=\"async\" srcset=\"https:\/\/blog.elborjdomiciliation.com\/blog\/wp-content\/uploads\/2025\/04\/pexels-photo-3178818.jpeg ,https:\/\/blog.elborjdomiciliation.com\/blog\/wp-content\/uploads\/2025\/04\/pexels-photo-3178818.jpeg 780w, https:\/\/blog.elborjdomiciliation.com\/blog\/wp-content\/uploads\/2025\/04\/pexels-photo-3178818.jpeg 360w\" sizes=\"auto, (max-width: 480px) 150px\" src=\"https:\/\/blog.elborjdomiciliation.com\/blog\/wp-content\/uploads\/2025\/04\/pexels-photo-3178818.jpeg\" alt=\"\" class=\"uag-image-33\" width=\"180\" height=\"180\" title=\"footer-02\" loading=\"lazy\" role=\"img\"><\/figure><\/div>\n<\/div><\/div>\n\n\n\n<p><\/p>\n","protected":false},"excerpt":{"rendered":"<p>Nos Services Nos Services de Domiciliation et Cr\u00e9ation d&#8217;Entreprise \u00e0 Rabat Bienvenue chez El Borj Domiciliation, votre partenaire de confiance [&hellip;]<\/p>\n","protected":false},"author":1,"featured_media":0,"parent":0,"menu_order":2,"comment_status":"closed","ping_status":"closed","template":"","meta":{"_uag_custom_page_level_css":"","site-sidebar-layout":"default","site-content-layout":"","ast-site-content-layout":"","site-content-style":"default","site-sidebar-style":"default","ast-global-header-display":"","ast-banner-title-visibility":"","ast-main-header-display":"","ast-hfb-above-header-display":"","ast-hfb-below-header-display":"","ast-hfb-mobile-header-display":"","site-post-title":"disabled","ast-breadcrumbs-content":"","ast-featured-img":"","footer-sml-layout":"","theme-transparent-header-meta":"enabled","adv-header-id-meta":"","stick-header-meta":"","header-above-stick-meta":"","header-main-stick-meta":"","header-below-stick-meta":"","astra-migrate-meta-layouts":"default","ast-page-background-enabled":"default","ast-page-background-meta":{"desktop":{"background-color":"var(--ast-global-color-4)","background-image":"","background-repeat":"repeat","background-position":"center center","background-size":"auto","background-attachment":"scroll","background-type":"","background-media":"","overlay-type":"","overlay-color":"","overlay-opacity":"","overlay-gradient":""},"tablet":{"background-color":"","background-image":"","background-repeat":"repeat","background-position":"center center","background-size":"auto","background-attachment":"scroll","background-type":"","background-media":"","overlay-type":"","overlay-color":"","overlay-opacity":"","overlay-gradient":""},"mobile":{"background-color":"","background-image":"","background-repeat":"repeat","background-position":"center center","background-size":"auto","background-attachment":"scroll","background-type":"","background-media":"","overlay-type":"","overlay-color":"","overlay-opacity":"","overlay-gradient":""}},"ast-content-background-meta":{"desktop":{"background-color":"var(--ast-global-color-5)","background-image":"","background-repeat":"repeat","background-position":"center center","background-size":"auto","background-attachment":"scroll","background-type":"","background-media":"","overlay-type":"","overlay-color":"","overlay-opacity":"","overlay-gradient":""},"tablet":{"background-color":"var(--ast-global-color-5)","background-image":"","background-repeat":"repeat","background-position":"center center","background-size":"auto","background-attachment":"scroll","background-type":"","background-media":"","overlay-type":"","overlay-color":"","overlay-opacity":"","overlay-gradient":""},"mobile":{"background-color":"var(--ast-global-color-5)","background-image":"","background-repeat":"repeat","background-position":"center center","background-size":"auto","background-attachment":"scroll","background-type":"","background-media":"","overlay-type":"","overlay-color":"","overlay-opacity":"","overlay-gradient":""}},"footnotes":""},"class_list":["post-563","page","type-page","status-publish","hentry"],"uagb_featured_image_src":{"full":false,"thumbnail":false,"medium":false,"medium_large":false,"large":false,"1536x1536":false,"2048x2048":false},"uagb_author_info":{"display_name":"brahimelhoussainy50","author_link":"https:\/\/blog.elborjdomiciliation.com\/blog\/author\/brahimelhoussainy50\/"},"uagb_comment_info":0,"uagb_excerpt":"Nos Services Nos Services de Domiciliation et Cr\u00e9ation d&#8217;Entreprise \u00e0 Rabat Bienvenue chez El Borj Domiciliation, votre partenaire de confiance [&hellip;]","_links":{"self":[{"href":"https:\/\/blog.elborjdomiciliation.com\/blog\/wp-json\/wp\/v2\/pages\/563","targetHints":{"allow":["GET"]}}],"collection":[{"href":"https:\/\/blog.elborjdomiciliation.com\/blog\/wp-json\/wp\/v2\/pages"}],"about":[{"href":"https:\/\/blog.elborjdomiciliation.com\/blog\/wp-json\/wp\/v2\/types\/page"}],"author":[{"embeddable":true,"href":"https:\/\/blog.elborjdomiciliation.com\/blog\/wp-json\/wp\/v2\/users\/1"}],"replies":[{"embeddable":true,"href":"https:\/\/blog.elborjdomiciliation.com\/blog\/wp-json\/wp\/v2\/comments?post=563"}],"version-history":[{"count":25,"href":"https:\/\/blog.elborjdomiciliation.com\/blog\/wp-json\/wp\/v2\/pages\/563\/revisions"}],"predecessor-version":[{"id":1053,"href":"https:\/\/blog.elborjdomiciliation.com\/blog\/wp-json\/wp\/v2\/pages\/563\/revisions\/1053"}],"wp:attachment":[{"href":"https:\/\/blog.elborjdomiciliation.com\/blog\/wp-json\/wp\/v2\/media?parent=563"}],"curies":[{"name":"wp","href":"https:\/\/api.w.org\/{rel}","templated":true}]}}